{"id":54,"date":"2025-12-07T21:13:05","date_gmt":"2025-12-07T21:13:05","guid":{"rendered":"https:\/\/terravanilla.fr\/a-propos\/"},"modified":"2026-02-08T18:56:42","modified_gmt":"2026-02-08T17:56:42","slug":"about-us","status":"publish","type":"page","link":"https:\/\/terravanilla.fr\/en\/a-propos\/","title":{"rendered":"About us"},"content":{"rendered":"<div class=\"wp-block-group alignfull has-background-background-color has-background has-global-padding is-layout-constrained wp-container-core-group-is-layout-7276a2bb wp-block-group-is-layout-constrained\" style=\"border-top-width:1px;margin-top:0;margin-bottom:0;padding-top:var(--wp--preset--spacing--60);padding-right:var(--wp--preset--spacing--30);padding-bottom:var(--wp--preset--spacing--60);padding-left:var(--wp--preset--spacing--30)\">\n<div class=\"wp-block-group alignwide has-global-padding is-content-justification-center is-layout-constrained wp-block-group-is-layout-constrained\">\n<h2 class=\"wp-block-heading has-text-align-center has-large-font-size\"><strong>TerraVanilla: the alliance between Madagascar and France in the service of excellence<\/strong><\/h2>\n\n\n\n<p class=\"has-text-align-center\" style=\"margin-top:16px\">At <strong>TerraVanilla<\/strong>, We're convinced that vanilla is more than just a spice: <strong>it embodies a cultural heritage, unique expertise and shared responsibility.<\/strong><\/p>\n\n\n\n<p class=\"has-text-align-center\">Our mission is to connect two complementary worlds: <strong>Madagascar<\/strong>, the birthplace of exceptional Bourbon vanilla, and <strong>France and Europe<\/strong>, This is a demanding market where quality, compliance and transparency are essential.<\/p>\n\n\n\n<p class=\"has-text-align-center\">TerraVanilla was born of this dual identity: a structured, professional, forward-looking company, but deeply rooted in the authenticity and values of Madagascar.<\/p>\n<\/div>\n\n\n\n<div class=\"wp-block-columns alignwide is-layout-flex wp-container-core-columns-is-layout-28f84493 wp-block-columns-is-layout-flex\">\n<div class=\"wp-block-column is-vertically-aligned-stretch is-layout-flow wp-block-column-is-layout-flow\">\n<div class=\"wp-block-group has-global-padding is-layout-constrained wp-container-core-group-is-layout-52009084 wp-block-group-is-layout-constrained\" style=\"border-width:1px;min-height:100%;padding-top:var(--wp--preset--spacing--40);padding-right:var(--wp--preset--spacing--40);padding-bottom:var(--wp--preset--spacing--40);padding-left:var(--wp--preset--spacing--40)\">\n<div class=\"wp-block-group has-global-padding is-layout-constrained wp-container-core-group-is-layout-78228b76 wp-block-group-is-layout-constrained\">\n<figure class=\"wp-block-image size-large is-style-ext-preset--image--organic-1--image-1--content-any is-style-ext-preset--image--organic-1--image-1--content-any--1\"><img data-recalc-dims=\"1\" loading=\"lazy\" decoding=\"async\" width=\"1024\" height=\"680\" data-attachment-id=\"2396\" data-permalink=\"https:\/\/terravanilla.fr\/en\/a-propos\/technological-equipment-in-modern-dairy-plant-2\/\" data-orig-file=\"https:\/\/i0.wp.com\/terravanilla.fr\/wp-content\/uploads\/2025\/12\/OK-iStock-665410244-scaled.jpg?fit=2560%2C1701&amp;ssl=1\" data-orig-size=\"2560,1701\" data-comments-opened=\"1\" data-image-meta=\"{&quot;aperture&quot;:&quot;4&quot;,&quot;credit&quot;:&quot;Getty Images\/iStockphoto&quot;,&quot;camera&quot;:&quot;Canon EOS 5D Mark III&quot;,&quot;caption&quot;:&quot;Technological equipment in modern  dairy plant&quot;,&quot;created_timestamp&quot;:&quot;1478786233&quot;,&quot;copyright&quot;:&quot;&quot;,&quot;focal_length&quot;:&quot;24&quot;,&quot;iso&quot;:&quot;2000&quot;,&quot;shutter_speed&quot;:&quot;0.0125&quot;,&quot;title&quot;:&quot;Technological equipment in modern  dairy plant&quot;,&quot;orientation&quot;:&quot;1&quot;}\" data-image-title=\"Technological equipment in modern  dairy plant\" data-image-description=\"\" data-image-caption=\"&lt;p&gt;Technological equipment in modern  dairy plant&lt;\/p&gt;\" data-large-file=\"https:\/\/i0.wp.com\/terravanilla.fr\/wp-content\/uploads\/2025\/12\/OK-iStock-665410244-scaled.jpg?fit=1024%2C680&amp;ssl=1\" src=\"https:\/\/i0.wp.com\/terravanilla.fr\/wp-content\/uploads\/2025\/12\/OK-iStock-665410244.jpg?resize=1024%2C680&#038;ssl=1\" alt=\"\" class=\"wp-image-2396\" style=\"aspect-ratio:1;object-fit:cover\" srcset=\"https:\/\/i0.wp.com\/terravanilla.fr\/wp-content\/uploads\/2025\/12\/OK-iStock-665410244-scaled.jpg?resize=1024%2C680&amp;ssl=1 1024w, https:\/\/i0.wp.com\/terravanilla.fr\/wp-content\/uploads\/2025\/12\/OK-iStock-665410244-scaled.jpg?resize=300%2C199&amp;ssl=1 300w, https:\/\/i0.wp.com\/terravanilla.fr\/wp-content\/uploads\/2025\/12\/OK-iStock-665410244-scaled.jpg?resize=768%2C510&amp;ssl=1 768w, https:\/\/i0.wp.com\/terravanilla.fr\/wp-content\/uploads\/2025\/12\/OK-iStock-665410244-scaled.jpg?resize=1536%2C1020&amp;ssl=1 1536w, https:\/\/i0.wp.com\/terravanilla.fr\/wp-content\/uploads\/2025\/12\/OK-iStock-665410244-scaled.jpg?resize=2048%2C1360&amp;ssl=1 2048w, https:\/\/i0.wp.com\/terravanilla.fr\/wp-content\/uploads\/2025\/12\/OK-iStock-665410244-scaled.jpg?resize=18%2C12&amp;ssl=1 18w\" sizes=\"auto, (max-width: 1000px) 100vw, 1000px\" \/><\/figure>\n<\/div>\n\n\n\n<h3 class=\"wp-block-heading has-text-align-center\" style=\"margin-top:24px;font-size:clamp(0.984rem, 0.984rem + ((1vw - 0.2rem) * 0.86), 1.5rem);line-height:1.5\"><strong>Our mission: to create a reliable, modern and responsible vanilla industry<\/strong> pour les professionnels<\/h3>\n\n\n\n<p class=\"has-text-align-center\"><br>TerraVanilla's mission is to :<\/p>\n\n\n\n<hr class=\"wp-block-separator has-text-color has-foreground-color has-alpha-channel-opacity has-foreground-background-color has-background is-style-wide\" style=\"margin-top:var(--wp--preset--spacing--40);margin-bottom:var(--wp--preset--spacing--40)\"\/>\n\n\n\n<div class=\"wp-block-group is-nowrap is-layout-flex wp-container-core-group-is-layout-ec24e71f wp-block-group-is-layout-flex\" style=\"margin-top:var(--wp--preset--spacing--20);margin-bottom:var(--wp--preset--spacing--20)\">\n<p><strong>Securing the supply of Bourbon vanilla<\/strong>.<\/p>\n<\/div>\n\n\n\n<div class=\"wp-block-group is-nowrap is-layout-flex wp-container-core-group-is-layout-ec24e71f wp-block-group-is-layout-flex\" style=\"margin-top:var(--wp--preset--spacing--20);margin-bottom:var(--wp--preset--spacing--20)\">\n<p><strong>Ensure consistent quality <\/strong>and <strong>conforme<\/strong>.<\/p>\n<\/div>\n\n\n\n<div class=\"wp-block-group is-nowrap is-layout-flex wp-container-core-group-is-layout-ec24e71f wp-block-group-is-layout-flex\" style=\"margin-top:var(--wp--preset--spacing--20);margin-bottom:var(--wp--preset--spacing--20)\">\n<p><strong>Simplify purchasing<\/strong> thanks to shipping from France.<\/p>\n<\/div>\n\n\n\n<div class=\"wp-block-group is-nowrap is-layout-flex wp-container-core-group-is-layout-ec24e71f wp-block-group-is-layout-flex\" style=\"margin-top:var(--wp--preset--spacing--20);margin-bottom:var(--wp--preset--spacing--20)\">\n<p>Sustainably enhance the work of partner producers<\/p>\n<\/div>\n<\/div>\n<\/div>\n\n\n\n<div class=\"wp-block-column is-vertically-aligned-stretch is-layout-flow wp-block-column-is-layout-flow\">\n<div class=\"wp-block-group has-global-padding is-layout-constrained wp-container-core-group-is-layout-52009084 wp-block-group-is-layout-constrained\" style=\"border-width:1px;min-height:100%;padding-top:var(--wp--preset--spacing--40);padding-right:var(--wp--preset--spacing--40);padding-bottom:var(--wp--preset--spacing--40);padding-left:var(--wp--preset--spacing--40)\">\n<div class=\"wp-block-group has-global-padding is-layout-constrained wp-container-core-group-is-layout-78228b76 wp-block-group-is-layout-constrained\">\n<figure class=\"wp-block-image size-large is-style-ext-preset--image--organic-1--image-1--content-any is-style-ext-preset--image--organic-1--image-1--content-any--2\"><img data-recalc-dims=\"1\" loading=\"lazy\" decoding=\"async\" width=\"683\" height=\"1024\" data-attachment-id=\"2193\" data-permalink=\"https:\/\/terravanilla.fr\/en\/accueil\/manual-pollination-of-vanilla\/\" data-orig-file=\"https:\/\/i0.wp.com\/terravanilla.fr\/wp-content\/uploads\/2025\/12\/iStock-654253504-scaled.jpg?fit=1707%2C2560&amp;ssl=1\" data-orig-size=\"1707,2560\" data-comments-opened=\"1\" data-image-meta=\"{&quot;aperture&quot;:&quot;5&quot;,&quot;credit&quot;:&quot;Getty Images&quot;,&quot;camera&quot;:&quot;Canon EOS 350D DIGITAL&quot;,&quot;caption&quot;:&quot;Sambava, Madagascar, Jan 13, 2017: A malagasy woman pollinate manually a vanilla flower&quot;,&quot;created_timestamp&quot;:&quot;1137147150&quot;,&quot;copyright&quot;:&quot;\\u00a9 PYB&quot;,&quot;focal_length&quot;:&quot;119&quot;,&quot;iso&quot;:&quot;400&quot;,&quot;shutter_speed&quot;:&quot;0.005&quot;,&quot;title&quot;:&quot;Manual pollination of vanilla&quot;,&quot;orientation&quot;:&quot;0&quot;}\" data-image-title=\"Manual pollination of vanilla\" data-image-description=\"\" data-image-caption=\"&lt;p&gt;Sambava, Madagascar, Jan 13, 2017: A malagasy woman pollinate manually a vanilla flower&lt;\/p&gt;\" data-large-file=\"https:\/\/i0.wp.com\/terravanilla.fr\/wp-content\/uploads\/2025\/12\/iStock-654253504-scaled.jpg?fit=683%2C1024&amp;ssl=1\" src=\"https:\/\/i0.wp.com\/terravanilla.fr\/wp-content\/uploads\/2025\/12\/iStock-654253504.jpg?resize=683%2C1024&#038;ssl=1\" alt=\"\" class=\"wp-image-2193\" style=\"aspect-ratio:1;object-fit:cover\" srcset=\"https:\/\/i0.wp.com\/terravanilla.fr\/wp-content\/uploads\/2025\/12\/iStock-654253504-scaled.jpg?resize=683%2C1024&amp;ssl=1 683w, https:\/\/i0.wp.com\/terravanilla.fr\/wp-content\/uploads\/2025\/12\/iStock-654253504-scaled.jpg?resize=200%2C300&amp;ssl=1 200w, https:\/\/i0.wp.com\/terravanilla.fr\/wp-content\/uploads\/2025\/12\/iStock-654253504-scaled.jpg?resize=768%2C1152&amp;ssl=1 768w, https:\/\/i0.wp.com\/terravanilla.fr\/wp-content\/uploads\/2025\/12\/iStock-654253504-scaled.jpg?resize=1024%2C1536&amp;ssl=1 1024w, https:\/\/i0.wp.com\/terravanilla.fr\/wp-content\/uploads\/2025\/12\/iStock-654253504-scaled.jpg?resize=1365%2C2048&amp;ssl=1 1365w, https:\/\/i0.wp.com\/terravanilla.fr\/wp-content\/uploads\/2025\/12\/iStock-654253504-scaled.jpg?resize=8%2C12&amp;ssl=1 8w, https:\/\/i0.wp.com\/terravanilla.fr\/wp-content\/uploads\/2025\/12\/iStock-654253504-scaled.jpg?w=1707&amp;ssl=1 1707w\" sizes=\"auto, (max-width: 683px) 100vw, 683px\" \/><\/figure>\n<\/div>\n\n\n\n<h3 class=\"wp-block-heading has-text-align-center\" style=\"margin-top:24px;font-size:clamp(0.984rem, 0.984rem + ((1vw - 0.2rem) * 0.86), 1.5rem);line-height:1.5\"><strong>The founder: a natural bridge between two worlds<\/strong>. <\/h3>\n\n\n\n<p class=\"has-text-align-center has-small-font-size\" style=\"margin-top:8px\"><strong>Originally from Madagascar, now based in France<\/strong>, the founder of TerraVanilla brings a unique and valuable perspective.<\/p>\n\n\n\n<hr class=\"wp-block-separator has-text-color has-foreground-color has-alpha-channel-opacity has-foreground-background-color has-background is-style-wide\" style=\"margin-top:var(--wp--preset--spacing--40);margin-bottom:var(--wp--preset--spacing--40)\"\/>\n\n\n\n<div class=\"wp-block-group is-nowrap is-layout-flex wp-container-core-group-is-layout-ec24e71f wp-block-group-is-layout-flex\" style=\"margin-top:var(--wp--preset--spacing--20);margin-bottom:var(--wp--preset--spacing--20)\">\n<p><strong>A deep understanding of the Malagasy context<\/strong> : Without claiming to come from the vanilla industry, she understands the habits of producers and exporters; the cultural and human dynamics; the local requirements; the structural challenges; and the realities on the ground.<\/p>\n<\/div>\n\n\n\n<div class=\"wp-block-group is-nowrap is-layout-flex wp-container-core-group-is-layout-ec24e71f wp-block-group-is-layout-flex\" style=\"margin-top:var(--wp--preset--spacing--20);margin-bottom:var(--wp--preset--spacing--20)\">\n<p>This sensitivity enables it to recognise <strong>reliable partners<\/strong>, We need to understand what's really at stake and establish transparent communication.<\/p>\n<\/div>\n\n\n\n<div class=\"wp-block-group is-nowrap is-layout-flex wp-container-core-group-is-layout-ec24e71f wp-block-group-is-layout-flex\" style=\"margin-top:var(--wp--preset--spacing--20);margin-bottom:var(--wp--preset--spacing--20)\">\n<p><strong>In-depth knowledge of the French and European markets<\/strong> The company is based in France, and understands the quality criteria sought by professionals; the exacting standards of French and European customers; and the needs of the trade: confectioners, chocolatiers, supermarkets, wholesalers and manufacturers. <\/p>\n<\/div>\n<\/div>\n<\/div>\n\n\n\n<div class=\"wp-block-column is-vertically-aligned-stretch is-layout-flow wp-block-column-is-layout-flow\">\n<div class=\"wp-block-group has-global-padding is-layout-constrained wp-container-core-group-is-layout-c597083f wp-block-group-is-layout-constrained\" style=\"border-width:1px;min-height:100%;padding-top:var(--wp--preset--spacing--50);padding-right:var(--wp--preset--spacing--40);padding-bottom:var(--wp--preset--spacing--40);padding-left:var(--wp--preset--spacing--40)\">\n<div class=\"wp-block-group has-global-padding is-layout-constrained wp-container-core-group-is-layout-78228b76 wp-block-group-is-layout-constrained\">\n<figure class=\"wp-block-image size-large is-style-ext-preset--image--organic-1--image-1--content-any is-style-ext-preset--image--organic-1--image-1--content-any--3\"><img data-recalc-dims=\"1\" loading=\"lazy\" decoding=\"async\" width=\"1024\" height=\"788\" data-attachment-id=\"2296\" data-permalink=\"https:\/\/terravanilla.fr\/en\/a-propos\/image-ambiance-transformation-vanille-1-2\/\" data-orig-file=\"https:\/\/i0.wp.com\/terravanilla.fr\/wp-content\/uploads\/2025\/12\/image-ambiance-transformation-vanille-1-1.jpg?fit=1386%2C1066&amp;ssl=1\" data-orig-size=\"1386,1066\" data-comments-opened=\"1\" data-image-meta=\"{&quot;aperture&quot;:&quot;0&quot;,&quot;credit&quot;:&quot;&quot;,&quot;camera&quot;:&quot;&quot;,&quot;caption&quot;:&quot;&quot;,&quot;created_timestamp&quot;:&quot;0&quot;,&quot;copyright&quot;:&quot;&quot;,&quot;focal_length&quot;:&quot;0&quot;,&quot;iso&quot;:&quot;0&quot;,&quot;shutter_speed&quot;:&quot;0&quot;,&quot;title&quot;:&quot;&quot;,&quot;orientation&quot;:&quot;0&quot;}\" data-image-title=\"image-ambiance-transformation-vanille &amp;#8211; 1\" data-image-description=\"\" data-image-caption=\"\" data-large-file=\"https:\/\/i0.wp.com\/terravanilla.fr\/wp-content\/uploads\/2025\/12\/image-ambiance-transformation-vanille-1-1.jpg?fit=1024%2C788&amp;ssl=1\" src=\"https:\/\/i0.wp.com\/terravanilla.fr\/wp-content\/uploads\/2025\/12\/image-ambiance-transformation-vanille-1-1.jpg?resize=1024%2C788&#038;ssl=1\" alt=\"\" class=\"wp-image-2296\" style=\"aspect-ratio:1;object-fit:cover\" srcset=\"https:\/\/i0.wp.com\/terravanilla.fr\/wp-content\/uploads\/2025\/12\/image-ambiance-transformation-vanille-1-1.jpg?resize=1024%2C788&amp;ssl=1 1024w, https:\/\/i0.wp.com\/terravanilla.fr\/wp-content\/uploads\/2025\/12\/image-ambiance-transformation-vanille-1-1.jpg?resize=300%2C231&amp;ssl=1 300w, https:\/\/i0.wp.com\/terravanilla.fr\/wp-content\/uploads\/2025\/12\/image-ambiance-transformation-vanille-1-1.jpg?resize=768%2C591&amp;ssl=1 768w, https:\/\/i0.wp.com\/terravanilla.fr\/wp-content\/uploads\/2025\/12\/image-ambiance-transformation-vanille-1-1.jpg?resize=16%2C12&amp;ssl=1 16w, https:\/\/i0.wp.com\/terravanilla.fr\/wp-content\/uploads\/2025\/12\/image-ambiance-transformation-vanille-1-1.jpg?w=1386&amp;ssl=1 1386w\" sizes=\"auto, (max-width: 1000px) 100vw, 1000px\" \/><\/figure>\n<\/div>\n\n\n\n<h3 class=\"wp-block-heading has-text-align-center\" style=\"margin-top:24px;font-size:clamp(0.984rem, 0.984rem + ((1vw - 0.2rem) * 0.86), 1.5rem);line-height:1.5\"><strong>A vision: to promote vanilla and those who produce it<\/strong><\/h3>\n\n\n\n<p class=\"has-text-align-center has-small-font-size\" style=\"margin-top:8px\">Madagascar is a country rich in a rare and delicate resource: <strong>Bourbon vanilla<\/strong>.<br>At TerraVanilla, we want to :<\/p>\n\n\n\n<hr class=\"wp-block-separator has-text-color has-foreground-color has-alpha-channel-opacity has-foreground-background-color has-background is-style-wide\" style=\"margin-top:var(--wp--preset--spacing--40);margin-bottom:var(--wp--preset--spacing--40)\"\/>\n\n\n\n<div class=\"wp-block-group is-nowrap is-layout-flex wp-container-core-group-is-layout-ec24e71f wp-block-group-is-layout-flex\" style=\"margin-top:var(--wp--preset--spacing--20);margin-bottom:var(--wp--preset--spacing--20)\">\n<p>Encourage transparency and authenticity.<\/p>\n<\/div>\n\n\n\n<div class=\"wp-block-group is-nowrap is-layout-flex wp-container-core-group-is-layout-ec24e71f wp-block-group-is-layout-flex\" style=\"margin-top:var(--wp--preset--spacing--20);margin-bottom:var(--wp--preset--spacing--20)\">\n<p>Promote responsible practices while respecting the product and traditional preparation methods.<\/p>\n<\/div>\n\n\n\n<div class=\"wp-block-group is-nowrap is-layout-flex wp-container-core-group-is-layout-ec24e71f wp-block-group-is-layout-flex\" style=\"margin-top:var(--wp--preset--spacing--20);margin-bottom:var(--wp--preset--spacing--20)\">\n<p>Fairly compensate the stakeholders in the sector by working with committed partners.<\/p>\n<\/div>\n\n\n\n<p>Highlighting traditional Madagascan know-how.<\/p>\n\n\n\n<p><strong>More than a business, it's a commitment<\/strong> <strong>human <\/strong>: lasting relationships and human connections on the Madagascar side and on the client side.<\/p>\n<\/div>\n<\/div>\n<\/div>\n\n\n\n<div class=\"wp-block-buttons is-content-justification-center is-layout-flex wp-container-core-buttons-is-layout-f1909aef wp-block-buttons-is-layout-flex\">\n<div class=\"wp-block-button is-style-ext-preset--button--brutalism-1--button-1 is-style-ext-preset--button--brutalism-1--button-1--4\"><a class=\"wp-block-button__link wp-element-button\" href=\"https:\/\/terravanilla.fr\/en\/vanilla-products\/\"><strong>Click here to discover our product offers<\/strong><\/a><\/div>\n<\/div>\n<\/div>\n\n\n\n<div class=\"wp-block-group alignfull has-background-background-color has-background has-global-padding is-layout-constrained wp-container-core-group-is-layout-7276a2bb wp-block-group-is-layout-constrained\" style=\"margin-top:0;margin-bottom:0;padding-top:var(--wp--preset--spacing--60);padding-right:var(--wp--preset--spacing--30);padding-bottom:var(--wp--preset--spacing--60);padding-left:var(--wp--preset--spacing--30)\">\n<div class=\"wp-block-group alignwide has-global-padding is-content-justification-center is-layout-constrained wp-block-group-is-layout-constrained\">\n<h2 class=\"wp-block-heading has-text-align-center has-large-font-size\">A simple operational model: reliability + responsiveness + consistency<\/h2>\n\n\n\n<p class=\"has-text-align-center\" style=\"margin-top:16px\">Discover the pillars of our business model, focused exclusively on B2B.<\/p>\n<\/div>\n\n\n\n<div class=\"wp-block-columns alignwide is-layout-flex wp-container-core-columns-is-layout-28f84493 wp-block-columns-is-layout-flex\">\n<div class=\"wp-block-column is-layout-flow wp-block-column-is-layout-flow\">\n<div class=\"wp-block-group has-global-padding is-layout-constrained wp-block-group-is-layout-constrained\">\n<div class=\"wp-block-group is-content-justification-center is-nowrap is-layout-flex wp-container-core-group-is-layout-23441af8 wp-block-group-is-layout-flex\">\n<div class=\"wp-block-group wp-container-content-fd3097a4 is-content-justification-center is-nowrap is-layout-flex wp-container-core-group-is-layout-23441af8 wp-block-group-is-layout-flex\" style=\"border-radius:100px;min-height:48px\">\n<figure class=\"wp-block-image aligncenter size-large wp-duotone-secondary-and-primary\"><img decoding=\"async\" src=\"data:image\/svg+xml;base64,PHN2ZyB4bWxucz0iaHR0cDovL3d3dy53My5vcmcvMjAwMC9zdmciIGhlaWdodD0iNDhweCIgdmlld0JveD0iMCAtOTYwIDk2MCA5NjAiIHdpZHRoPSI0OHB4IiBmaWxsPSIjMWUxZTFlIj48cGF0aCBkPSJtMzQ2LTYwLTc2LTEzMC0xNTEtMzEgMTctMTQ3LTk2LTExMiA5Ni0xMTEtMTctMTQ3IDE1MS0zMSA3Ni0xMzEgMTM0IDYyIDEzNC02MiA3NyAxMzEgMTUwIDMxLTE3IDE0NyA5NiAxMTEtOTYgMTEyIDE3IDE0Ny0xNTAgMzEtNzcgMTMwLTEzNC02Mi0xMzQgNjJabTI3LTc5IDEwNy00NSAxMTAgNDUgNjctMTAwIDExNy0zMC0xMi0xMTkgODEtOTItODEtOTQgMTItMTE5LTExNy0yOC02OS0xMDAtMTA4IDQ1LTExMC00NS02NyAxMDAtMTE3IDI4IDEyIDExOS04MSA5NCA4MSA5Mi0xMiAxMjEgMTE3IDI4IDcwIDEwMFptMTA3LTM0MVptLTQzIDEzMyAyMjctMjI1LTQ1LTQxLTE4MiAxODAtOTUtOTktNDYgNDUgMTQxIDE0MFoiLz48L3N2Zz4=\" alt=\"\"\/><\/figure>\n<\/div>\n<\/div>\n\n\n\n<h3 class=\"wp-block-heading has-text-align-center\" style=\"margin-top:24px;font-size:clamp(0.875rem, 0.875rem + ((1vw - 0.2rem) * 0.625), 1.25rem);\"><strong>Pre-qualification of partners in Madagascar<\/strong> : working only with certified and labeled exporters <br><br><\/h3>\n<\/div>\n<\/div>\n\n\n\n<div class=\"wp-block-column is-layout-flow wp-block-column-is-layout-flow\">\n<div class=\"wp-block-group has-global-padding is-layout-constrained wp-block-group-is-layout-constrained\">\n<div class=\"wp-block-group is-content-justification-center is-nowrap is-layout-flex wp-container-core-group-is-layout-23441af8 wp-block-group-is-layout-flex\">\n<div class=\"wp-block-group wp-container-content-fd3097a4 is-content-justification-center is-nowrap is-layout-flex wp-container-core-group-is-layout-23441af8 wp-block-group-is-layout-flex\" style=\"border-radius:100px;min-height:48px\">\n<figure class=\"wp-block-image aligncenter size-large wp-duotone-secondary-and-primary\"><img decoding=\"async\" src=\"data:image\/svg+xml;base64,PHN2ZyB4bWxucz0iaHR0cDovL3d3dy53My5vcmcvMjAwMC9zdmciIGhlaWdodD0iNDhweCIgdmlld0JveD0iMCAtOTYwIDk2MCA5NjAiIHdpZHRoPSI0OHB4IiBmaWxsPSIjMWUxZTFlIj48cGF0aCBkPSJtNDM2LTM0NyAyMjgtMjI4LTQyLTQxLTE4MyAxODMtMTAxLTEwMS00NCA0NCAxNDIgMTQzWm00NCAyNjZxLTE0MC0zNS0yMzAtMTYyLjVUMTYwLTUyM3YtMjM4bDMyMC0xMjAgMzIwIDEyMHYyMzhxMCAxNTItOTAgMjc5LjVUNDgwLTgxWm0wLTYycTExNS0zOCAxODcuNS0xNDMuNVQ3NDAtNTIzdi0xOTZsLTI2MC05OC0yNjAgOTh2MTk2cTAgMTMxIDcyLjUgMjM2LjVUNDgwLTE0M1ptMC0zMzdaIi8+PC9zdmc+\" alt=\"\"\/><\/figure>\n<\/div>\n<\/div>\n\n\n\n<h3 class=\"wp-block-heading has-text-align-center\" style=\"margin-top:24px;font-size:clamp(0.875rem, 0.875rem + ((1vw - 0.2rem) * 0.625), 1.25rem);\">Selection based on consistency, documented traceability, and the ability to provide uniform batches<\/h3>\n<\/div>\n<\/div>\n\n\n\n<div class=\"wp-block-column is-layout-flow wp-block-column-is-layout-flow\">\n<div class=\"wp-block-group has-global-padding is-layout-constrained wp-block-group-is-layout-constrained\">\n<div class=\"wp-block-group is-content-justification-center is-nowrap is-layout-flex wp-container-core-group-is-layout-23441af8 wp-block-group-is-layout-flex\">\n<div class=\"wp-block-group wp-container-content-fd3097a4 is-content-justification-center is-nowrap is-layout-flex wp-container-core-group-is-layout-23441af8 wp-block-group-is-layout-flex\" style=\"border-radius:100px;min-height:48px\">\n<figure class=\"wp-block-image aligncenter size-large wp-duotone-secondary-and-primary\"><img decoding=\"async\" src=\"data:image\/svg+xml;base64,PHN2ZyB4bWxucz0iaHR0cDovL3d3dy53My5vcmcvMjAwMC9zdmciIGhlaWdodD0iNDhweCIgdmlld0JveD0iMCAtOTYwIDk2MCA5NjAiIHdpZHRoPSI0OHB4IiBmaWxsPSIjMWUxZTFlIj48cGF0aCBkPSJtMzYzLTMxMCAxMTctNzEgMTE3IDcxLTMxLTEzMyAxMDQtOTAtMTM3LTExLTUzLTEyNi01MyAxMjYtMTM3IDExIDEwNCA5MC0zMSAxMzNaTTQ4MS0yOSAzNDYtMTYwSDE2MHYtMTg2TDI2LTQ4MGwxMzQtMTM0di0xODZoMTg2bDEzNS0xMzQgMTMzIDEzNGgxODZ2MTg2bDEzNCAxMzQtMTM0IDEzNHYxODZINjE0TDQ4MS0yOVptMC04NCAxMDcuOTItMTA3SDc0MHYtMTUxbDEwOS0xMDktMTA5LTEwOXYtMTUxSDU4OUw0ODEtODQ5IDM3MS03NDBIMjIwdjE1MUwxMTEtNDgwbDEwOSAxMDl2MTUxaDE1MGwxMTEgMTA3Wm0wLTM2OFoiLz48L3N2Zz4=\" alt=\"\"\/><\/figure>\n<\/div>\n<\/div>\n\n\n\n<h3 class=\"wp-block-heading has-text-align-center\" style=\"margin-top:24px;font-size:clamp(0.875rem, 0.875rem + ((1vw - 0.2rem) * 0.625), 1.25rem);\"><strong>Minimum stock in France + planned restocks<\/strong> to serve quickly and maintain continuity, especially for the extraction industry<\/h3>\n<\/div>\n<\/div>\n\n\n\n<div class=\"wp-block-column is-layout-flow wp-block-column-is-layout-flow\">\n<div class=\"wp-block-group has-global-padding is-layout-constrained wp-block-group-is-layout-constrained\">\n<div class=\"wp-block-group is-content-justification-center is-nowrap is-layout-flex wp-container-core-group-is-layout-23441af8 wp-block-group-is-layout-flex\">\n<div class=\"wp-block-group wp-container-content-fd3097a4 is-content-justification-center is-nowrap is-layout-flex wp-container-core-group-is-layout-23441af8 wp-block-group-is-layout-flex\" style=\"border-radius:100px;min-height:48px\">\n<figure class=\"wp-block-image aligncenter size-large wp-duotone-secondary-and-primary\"><img decoding=\"async\" src=\"data:image\/svg+xml;base64,PHN2ZyB4bWxucz0iaHR0cDovL3d3dy53My5vcmcvMjAwMC9zdmciIGhlaWdodD0iNDhweCIgdmlld0JveD0iMCAtOTYwIDk2MCA5NjAiIHdpZHRoPSI0OHB4IiBmaWxsPSIjMWUxZTFlIj48cGF0aCBkPSJtMzIzLTI0NSAxNTctOTQgMTU3IDk1LTQyLTE3OCAxMzgtMTIwLTE4Mi0xNi03MS0xNjgtNzEgMTY3LTE4MiAxNiAxMzggMTIwLTQyIDE3OFptLTkwIDEyNSA2NS0yODFMODAtNTkwbDI4OC0yNSAxMTItMjY1IDExMiAyNjUgMjg4IDI1LTIxOCAxODkgNjUgMjgxLTI0Ny0xNDktMjQ3IDE0OVptNDU3LTU2MCAyMS04OS03MS01OSA5NC04IDM2LTg0IDM2IDg0IDk0IDgtNzEgNTkgMjEgODktODAtNDctODAgNDdaTTQ4MC00ODVaIi8+PC9zdmc+\" alt=\"\"\/><\/figure>\n<\/div>\n<\/div>\n\n\n\n<h3 class=\"wp-block-heading has-text-align-center\" style=\"margin-top:24px;font-size:clamp(0.875rem, 0.875rem + ((1vw - 0.2rem) * 0.625), 1.25rem);\">Partenaire des ma\u00eetres p\u00e2tissiers et des industriels aromatiques exigeants. Structuration financi\u00e8re suivie avec un <a href=\"http:\/\/comptafluide.fr\" data-type=\"link\" data-id=\"http:\/\/comptafluide.fr\">partenaire expert.<\/a><\/h3>\n<\/div>\n<\/div>\n<\/div>\n<\/div>","protected":false},"excerpt":{"rendered":"<p>TerraVanilla : l\u2019alliance entre Madagascar et la France au service de l\u2019excellence Chez TerraVanilla, nous sommes convaincus que la vanille d\u00e9passe le simple statut d\u2019\u00e9pice: elle incarne un h\u00e9ritage culturel, un savoir-faire unique, et une responsabilit\u00e9 partag\u00e9e. Notre mission consiste \u00e0 connecter deux mondes compl\u00e9mentaires : Madagascar, berceau de la vanille Bourbon d&rsquo;exception, et la [&hellip;]<\/p>\n","protected":false},"author":1,"featured_media":0,"parent":0,"menu_order":0,"comment_status":"closed","ping_status":"closed","template":"page-with-title","meta":{"advanced_seo_description":"","jetpack_seo_html_title":"","jetpack_seo_noindex":false,"footnotes":""},"class_list":["post-54","page","type-page","status-publish","hentry"],"jetpack_sharing_enabled":true,"jetpack_likes_enabled":false,"_links":{"self":[{"href":"https:\/\/terravanilla.fr\/en\/wp-json\/wp\/v2\/pages\/54","targetHints":{"allow":["GET"]}}],"collection":[{"href":"https:\/\/terravanilla.fr\/en\/wp-json\/wp\/v2\/pages"}],"about":[{"href":"https:\/\/terravanilla.fr\/en\/wp-json\/wp\/v2\/types\/page"}],"author":[{"embeddable":true,"href":"https:\/\/terravanilla.fr\/en\/wp-json\/wp\/v2\/users\/1"}],"replies":[{"embeddable":true,"href":"https:\/\/terravanilla.fr\/en\/wp-json\/wp\/v2\/comments?post=54"}],"version-history":[{"count":131,"href":"https:\/\/terravanilla.fr\/en\/wp-json\/wp\/v2\/pages\/54\/revisions"}],"predecessor-version":[{"id":3564,"href":"https:\/\/terravanilla.fr\/en\/wp-json\/wp\/v2\/pages\/54\/revisions\/3564"}],"wp:attachment":[{"href":"https:\/\/terravanilla.fr\/en\/wp-json\/wp\/v2\/media?parent=54"}],"curies":[{"name":"wp","href":"https:\/\/api.w.org\/{rel}","templated":true}]}}